{"id":59,"date":"2021-04-07T15:57:51","date_gmt":"2021-04-07T13:57:51","guid":{"rendered":"https:\/\/wissenschaft-in-der-stadt.de\/biooekonomie\/?page_id=59"},"modified":"2021-06-10T09:04:39","modified_gmt":"2021-06-10T07:04:39","slug":"ueber-das-projekt","status":"publish","type":"page","link":"https:\/\/wissenschaft-in-der-stadt.de\/biooekonomie\/ueber-das-projekt\/","title":{"rendered":"\u00dcber das Projekt"},"content":{"rendered":"<p>[vc_row][vc_column css=&#8220;.vc_custom_1618991795567{margin-top: 40px !important;}&#8220;][vc_column_text]<\/p>\n<h2 class=\"has-accent-color has-text-color wp-block-heading\">Bio\u00f6konomie findet Stadt 2021<\/h2>\n\n\n<p style=\"font-weight: 400;\"><strong>Die Ausstellung ist ein Verbundprojekt von den Vereinen proWissen Potsdam und science2public &#8211; Gesellschaft f\u00fcr Wissenschaftskommunikation aus Halle (Saale) in Kooperation mit sieben weiteren WISTA St\u00e4dten. Die Bauzaunausstellung \u201eBio\u00f6konomie findet Stadt\u201c geh\u00f6rt zu den 16 neuen F\u00f6rderprojekte im Wissenschaftsjahr 2020|21 \u2013 Bio\u00f6konomie des Bundesministeriums f\u00fcr Bildung und Forschung (BMBF) und ist ab Mai in neun Wissenschaftsst\u00e4dten Deutschlands zu sehen.<\/strong><\/p>\n<p style=\"font-weight: 400;\">\n<p style=\"font-weight: 400;\">In Zeiten, in denen Museen und Ausstellungen geschlossen sind, geht die Wissenschaft auf die Stra\u00dfe. Der Verein \u201eproWissen Potsdam e.V.\u201c pr\u00e4sentiert gemeinsam mit dem Verein \u201escience2public \u2013 Gesellschaft f\u00fcr Wissenschaftskommunikation e.V.\u201c aus Halle (Saale) bundesweit die Themen Bio\u00f6konomie und Innovationsforschung an Bauz\u00e4unen in neun deutschen St\u00e4dten. Unter dem Titel \u201eBio\u00f6konomie findet Stadt\u201c k\u00f6nnen sich Vorbeigehende in Potsdam, Halle (Saale), Bochum, Bielefeld, Bremen, Karlsruhe, Oldenburg, Regensburg und Siegen \u00fcber aktuelle urbane Projekte informieren. Wie k\u00f6nnen wir nachhaltiger leben? Wodurch tr\u00e4gt die Bio\u00f6konomie zur Bew\u00e4ltigung der Klimakrise bei? Und was haben Algen, Pilze, Gras, alternative Baustoffe und bunte Farben damit zu tun? Die Open-Air-Ausstellung gibt \u00fcberraschende Antworten und l\u00e4dt bis Dezember 2021 zum Vorbeischlendern ein.\u00a0<\/p>\n<p style=\"font-weight: 400;\">\n<p style=\"font-weight: 400;\">Bio\u00f6konomie hei\u00dft verantwortungsvoll und nachhaltig handeln. Durch innovative Forschung wird bereits heute versucht, L\u00f6sungen f\u00fcr die Anforderungen von morgen zu finden. Diese Ausstellung widmet sich aktuellen Forschungsprojekten aus ganz Deutschland. Spannende Forschungsprojekte erm\u00f6glichen es, unsere Welt besser zu verstehen und die Probleme unserer Zeit zu l\u00f6sen. Ideale Orte f\u00fcr einen gemeinsamen Austausch sind die \u00bbH\u00e4user der Wissenschaft\u00ab in ganz Deutschland. Alle teilnehmenden St\u00e4dte sind Mitglieder im Strategiekreis \u201eWissenschaft in der Stadt!\u201c (WISTA). Dieser Strategiekreis hat das Ziel, das Thema Verortung von Wissenschaft in der Stadt voranzutreiben.<\/p>\n<p style=\"font-weight: 400;\">Neben den Bauzaunausstellungen wird es in allen neun teilnehmenden St\u00e4dten Veranstaltungen rund um das Thema \u201eBio\u00f6konomie findet Stadt\u201c geben. Diese werden gestreamt, aufgezeichnet und sind sp\u00e4ter als audiovisuelle Beitr\u00e4ge auf dieser Seite verf\u00fcgbar. Der Verein \u201escience2public\u201c \u00fcbernimmt dabei Streaming und Umsetzung der digitalen St\u00e4dteportr\u00e4ts.<\/p>\n<p style=\"font-weight: 400;\">\n<p style=\"font-weight: 400;\">Nachhaltig geht es bei dieser Ausstellung nicht nur inhaltlich zu. Die Bauzaunbanner bestehen zu 100% aus recycelten PET-Flaschen und werden nach dem Ende der Ausstellung im Rahmen von Kunst-Projekten erneut verwertet.\u00a0<\/p>\n\n<p><br \/>Weitere Informationen: <a href=\"http:\/\/wissenschaftsjahr.de\">wissenschaftsjahr.de<\/a> | <a href=\"http:\/\/wis-potsdam.de\">wis-potsdam.de<\/a><\/p>\n<p>\u00a0<\/p>\n<p>[\/vc_column_text][\/vc_column][\/vc_row]<\/p>\n","protected":false},"excerpt":{"rendered":"<p>[vc_row][vc_column css=&#8220;.vc_custom_1618991795567{margin-top: 40px !important;}&#8220;][vc_column_text] Bio\u00f6konomie findet Stadt 2021 Die Ausstellung ist ein Verbundprojekt von den Vereinen proWissen Potsdam und science2public &#8211; Gesellschaft f\u00fcr Wissenschaftskommunikation aus Halle (Saale) in Kooperation mit sieben weiteren WISTA St\u00e4dten. Die Bauzaunausstellung \u201eBio\u00f6konomie findet Stadt\u201c geh\u00f6rt zu den 16 neuen F\u00f6rderprojekte im Wissenschaftsjahr 2020|21 \u2013 Bio\u00f6konomie des Bundesministeriums f\u00fcr Bildung und&hellip;<\/p>\n","protected":false},"author":26,"featured_media":34,"parent":0,"menu_order":0,"comment_status":"closed","ping_status":"closed","template":"","meta":{"footnotes":""},"class_list":["post-59","page","type-page","status-publish","has-post-thumbnail","hentry","description-off"],"_links":{"self":[{"href":"https:\/\/wissenschaft-in-der-stadt.de\/biooekonomie\/wp-json\/wp\/v2\/pages\/59","targetHints":{"allow":["GET"]}}],"collection":[{"href":"https:\/\/wissenschaft-in-der-stadt.de\/biooekonomie\/wp-json\/wp\/v2\/pages"}],"about":[{"href":"https:\/\/wissenschaft-in-der-stadt.de\/biooekonomie\/wp-json\/wp\/v2\/types\/page"}],"author":[{"embeddable":true,"href":"https:\/\/wissenschaft-in-der-stadt.de\/biooekonomie\/wp-json\/wp\/v2\/users\/26"}],"replies":[{"embeddable":true,"href":"https:\/\/wissenschaft-in-der-stadt.de\/biooekonomie\/wp-json\/wp\/v2\/comments?post=59"}],"version-history":[{"count":11,"href":"https:\/\/wissenschaft-in-der-stadt.de\/biooekonomie\/wp-json\/wp\/v2\/pages\/59\/revisions"}],"predecessor-version":[{"id":1018,"href":"https:\/\/wissenschaft-in-der-stadt.de\/biooekonomie\/wp-json\/wp\/v2\/pages\/59\/revisions\/1018"}],"wp:featuredmedia":[{"embeddable":true,"href":"https:\/\/wissenschaft-in-der-stadt.de\/biooekonomie\/wp-json\/wp\/v2\/media\/34"}],"wp:attachment":[{"href":"https:\/\/wissenschaft-in-der-stadt.de\/biooekonomie\/wp-json\/wp\/v2\/media?parent=59"}],"curies":[{"name":"wp","href":"https:\/\/api.w.org\/{rel}","templated":true}]}}