{"id":61,"date":"2021-04-07T15:58:05","date_gmt":"2021-04-07T13:58:05","guid":{"rendered":"https:\/\/wissenschaft-in-der-stadt.de\/biooekonomie\/?page_id=61"},"modified":"2021-11-29T10:44:06","modified_gmt":"2021-11-29T09:44:06","slug":"presse","status":"publish","type":"page","link":"https:\/\/wissenschaft-in-der-stadt.de\/biooekonomie\/presse\/","title":{"rendered":"Presse"},"content":{"rendered":"<p>[vc_row][vc_column][vc_custom_heading text=&#8220;PRESSE&#8220; font_container=&#8220;tag:h1|text_align:left&#8220; use_theme_fonts=&#8220;yes&#8220;][vc_video link=&#8220;https:\/\/youtu.be\/1cUlAXK9ZSU&#8220;][vc_column_text]<br \/>Anfragen und Auskunft richten sich bitte an<br \/><strong>Florian Gerstmann<br \/><\/strong>Projektmanagement<br \/>proWissen Potsdam e.V.<br \/>Am Kanal 47, im Bildungsforum<br \/>14467 Potsdam<br \/>Tel.: (0331) 977 4596<br \/>Fax: (0331) 977 4579<br \/><a href=\"mailto:gerstmann@prowissen-potsdam.de\" target=\"_blank\" rel=\"noreferrer noopener\">gerstmann@prowissen-potsdam.de<\/a><\/p>\r\n<p>\r\n\r\n<a href=\"http:\/\/www.wis-potsdam.de\/\" target=\"_blank\" rel=\"noreferrer noopener\">www.wis-potsdam.de<\/a><\/p>\r\n<p>[\/vc_column_text][vc_custom_heading text=&#8220;Alle Pressemitteilungen&#8220; use_theme_fonts=&#8220;yes&#8220;][vc_tta_accordion active_section=&#8220;1&#8243; collapsible_all=&#8220;true&#8220;][vc_tta_section title=&#8220;Allgemein&#8220; tab_id=&#8220;1621543190053-fdf4839b-3568&#8243;][vc_column_text]<\/p>\r\n<p><a href=\"https:\/\/wissenschaft-in-der-stadt.de\/biooekonomie\/wp-content\/uploads\/sites\/2\/2021\/04\/WJ20_PM_Auftakt-Wissenschaftsjahr_Biooekonomie.pdf\">Auftakt des Wissenschaftsjahres 2020|21<\/a><\/p>\r\n<p>&nbsp;<\/p>\r\n<p><a href=\"https:\/\/wissenschaft-in-der-stadt.de\/biooekonomie\/wp-content\/uploads\/sites\/2\/2021\/05\/PM_Pressekonferenz-Biooekonomie-findet-Stadt.pdf\">Pressemitteilung zum Projektabschluss und Digitalem St\u00e4dtef\u00fchrer<\/a><\/p>\r\n<p>[\/vc_column_text][\/vc_tta_section][vc_tta_section title=&#8220;Bochum&#8220; tab_id=&#8220;1621543190053-e1242f02-1a91&#8243;][vc_column_text]<a href=\"https:\/\/wissenschaft-in-der-stadt.de\/biooekonomie\/wp-content\/uploads\/sites\/2\/2021\/04\/PM_Science-Camp-fuer-Kinder-RUB_UniverCityBochum.pdf\">PM &#8222;Science Camp f\u00fcr Kinder&#8220; Ruhr Universit\u00e4t UniverCity Bochum<\/a>[\/vc_column_text][\/vc_tta_section][vc_tta_section title=&#8220;Halle (Saale)&#8220; tab_id=&#8220;1621543409283-0bee0169-146f&#8220;][vc_video link=&#8220;https:\/\/www.youtube.com\/watch?v=aDJ-eCa9I3I&#8220; title=&#8220;Er\u00f6ffnung der Open-Air-Bauzaunausstellung &#8222;Bio\u00f6konomie findet Stadt&#8222; in Halle (Saale)&#8220;][vc_column_text]Stream-Archiv der Live\u00fcbertragung vom Hallorenring in Halle (Saale)[\/vc_column_text][vc_row_inner][vc_column_inner width=&#8220;1\/5&#8243;][vc_single_image image=&#8220;997&#8243; onclick=&#8220;img_link_large&#8220; img_link_target=&#8220;_blank&#8220;][\/vc_column_inner][vc_column_inner width=&#8220;1\/5&#8243;][vc_single_image image=&#8220;981&#8243; onclick=&#8220;img_link_large&#8220; img_link_target=&#8220;_blank&#8220;][\/vc_column_inner][vc_column_inner width=&#8220;1\/5&#8243;][vc_single_image image=&#8220;982&#8243; onclick=&#8220;img_link_large&#8220; img_link_target=&#8220;_blank&#8220;][\/vc_column_inner][vc_column_inner width=&#8220;1\/5&#8243;][vc_single_image image=&#8220;983&#8243; onclick=&#8220;img_link_large&#8220; img_link_target=&#8220;_blank&#8220;][\/vc_column_inner][vc_column_inner width=&#8220;1\/5&#8243;][vc_single_image image=&#8220;980&#8243; onclick=&#8220;img_link_large&#8220; img_link_target=&#8220;_blank&#8220;][\/vc_column_inner][\/vc_row_inner][vc_row_inner][vc_column_inner width=&#8220;1\/5&#8243;][vc_single_image image=&#8220;993&#8243; onclick=&#8220;img_link_large&#8220; img_link_target=&#8220;_blank&#8220;][\/vc_column_inner][vc_column_inner width=&#8220;1\/5&#8243;][vc_single_image image=&#8220;992&#8243; onclick=&#8220;img_link_large&#8220; img_link_target=&#8220;_blank&#8220;][\/vc_column_inner][vc_column_inner width=&#8220;1\/5&#8243;][vc_single_image image=&#8220;1010&#8243; onclick=&#8220;img_link_large&#8220; img_link_target=&#8220;_blank&#8220;][\/vc_column_inner][vc_column_inner width=&#8220;1\/5&#8243;][vc_single_image image=&#8220;1009&#8243; onclick=&#8220;img_link_large&#8220; img_link_target=&#8220;_blank&#8220;][\/vc_column_inner][vc_column_inner width=&#8220;1\/5&#8243;][\/vc_column_inner][\/vc_row_inner][vc_column_text]Pressebilder zum Download<\/p>\r\n<p>&nbsp;<\/p>\r\n<p><a href=\"https:\/\/wissenschaft-in-der-stadt.de\/biooekonomie\/wp-content\/uploads\/sites\/2\/2021\/06\/Pressemitteilung_Eroeffnung_Bauzaunausstellung_20210604.pdf\">PM Ausstellungser\u00f6ffnung in der halleschen Innenstadt<\/a>[\/vc_column_text][\/vc_tta_section][vc_tta_section title=&#8220;Oldenburg&#8220; tab_id=&#8220;1621543403941-8c729606-47bb&#8220;][vc_column_text]<a href=\"https:\/\/wissenschaft-in-der-stadt.de\/biooekonomie\/wp-content\/uploads\/sites\/2\/2021\/04\/16.03_PM_Bauzaun_Oldenburg-1.pdf\">PM Bauzaunausstellung &#8222;Bio\u00f6konimie findet Stadt&#8220; Schlaues Haus Oldenburg<\/a>[\/vc_column_text][\/vc_tta_section][vc_tta_section title=&#8220;Potsdam&#8220; tab_id=&#8220;1621543406787-e919e4ff-46fb&#8220;][vc_column_text]<a href=\"https:\/\/wissenschaft-in-der-stadt.de\/biooekonomie\/wp-content\/uploads\/sites\/2\/2021\/04\/PM17_BAUZAUNAUSSTELLUNG_Biooekonomie_proWissen-1.pdf\">PM Bauzaunausstellung Bio\u00f6konomie proWissen Potsdam<\/a><\/p>\r\n<p><a href=\"https:\/\/wissenschaft-in-der-stadt.de\/biooekonomie\/wp-content\/uploads\/sites\/2\/2021\/05\/PM29_Eroeffnung-Bauzaunausstellung-Biooekonomie-1.pdf\">PM Ausstellungser\u00f6ffnung in der Potsdamer Innenstadt<\/a>[\/vc_column_text][\/vc_tta_section][\/vc_tta_accordion][\/vc_column][\/vc_row][vc_row][vc_column css=&#8220;.vc_custom_1618991638221{margin-top: 40px !important;}&#8220;][\/vc_column][\/vc_row][vc_row disable_element=&#8220;yes&#8220;][vc_column][vc_custom_heading text=&#8220;Pressemeldungen&#8220; use_theme_fonts=&#8220;yes&#8220;][vc_basic_grid post_type=&#8220;post&#8220; max_items=&#8220;-1&#8243; item=&#8220;masonryGrid_Default&#8220; grid_id=&#8220;vc_gid:1638178967683-b0cdb5a4-9335-6&#8243; taxonomies=&#8220;5&#8243;][\/vc_column][\/vc_row]<\/p>","protected":false},"excerpt":{"rendered":"<p>[vc_row][vc_column][vc_custom_heading text=&#8220;PRESSE&#8220; font_container=&#8220;tag:h1|text_align:left&#8220; use_theme_fonts=&#8220;yes&#8220;][vc_video link=&#8220;https:\/\/youtu.be\/1cUlAXK9ZSU&#8220;][vc_column_text] www.wis-potsdam.de [\/vc_column_text][vc_custom_heading text=&#8220;Alle Pressemitteilungen&#8220; use_theme_fonts=&#8220;yes&#8220;][vc_tta_accordion active_section=&#8220;1&#8243; collapsible_all=&#8220;true&#8220;][vc_tta_section title=&#8220;Allgemein&#8220; tab_id=&#8220;1621543190053-fdf4839b-3568&#8243;][vc_column_text] Auftakt des Wissenschaftsjahres 2020|21 &nbsp; Pressemitteilung zum Projektabschluss und Digitalem St\u00e4dtef\u00fchrer [\/vc_column_text][\/vc_tta_section][vc_tta_section title=&#8220;Bochum&#8220; tab_id=&#8220;1621543190053-e1242f02-1a91&#8243;][vc_column_text]PM &#8222;Science Camp f\u00fcr Kinder&#8220; Ruhr Universit\u00e4t UniverCity Bochum[\/vc_column_text][\/vc_tta_section][vc_tta_section title=&#8220;Halle (Saale)&#8220; tab_id=&#8220;1621543409283-0bee0169-146f&#8220;][vc_video link=&#8220;https:\/\/www.youtube.com\/watch?v=aDJ-eCa9I3I&#8220; title=&#8220;Er\u00f6ffnung der Open-Air-Bauzaunausstellung &#8222;Bio\u00f6konomie findet Stadt&#8222; in Halle (Saale)&#8220;][vc_column_text]Stream-Archiv der Live\u00fcbertragung vom Hallorenring in Halle&hellip;<\/p>\n","protected":false},"author":26,"featured_media":34,"parent":0,"menu_order":0,"comment_status":"closed","ping_status":"closed","template":"","meta":{"footnotes":""},"class_list":["post-61","page","type-page","status-publish","has-post-thumbnail","hentry","description-off"],"_links":{"self":[{"href":"https:\/\/wissenschaft-in-der-stadt.de\/biooekonomie\/wp-json\/wp\/v2\/pages\/61","targetHints":{"allow":["GET"]}}],"collection":[{"href":"https:\/\/wissenschaft-in-der-stadt.de\/biooekonomie\/wp-json\/wp\/v2\/pages"}],"about":[{"href":"https:\/\/wissenschaft-in-der-stadt.de\/biooekonomie\/wp-json\/wp\/v2\/types\/page"}],"author":[{"embeddable":true,"href":"https:\/\/wissenschaft-in-der-stadt.de\/biooekonomie\/wp-json\/wp\/v2\/users\/26"}],"replies":[{"embeddable":true,"href":"https:\/\/wissenschaft-in-der-stadt.de\/biooekonomie\/wp-json\/wp\/v2\/comments?post=61"}],"version-history":[{"count":46,"href":"https:\/\/wissenschaft-in-der-stadt.de\/biooekonomie\/wp-json\/wp\/v2\/pages\/61\/revisions"}],"predecessor-version":[{"id":1075,"href":"https:\/\/wissenschaft-in-der-stadt.de\/biooekonomie\/wp-json\/wp\/v2\/pages\/61\/revisions\/1075"}],"wp:featuredmedia":[{"embeddable":true,"href":"https:\/\/wissenschaft-in-der-stadt.de\/biooekonomie\/wp-json\/wp\/v2\/media\/34"}],"wp:attachment":[{"href":"https:\/\/wissenschaft-in-der-stadt.de\/biooekonomie\/wp-json\/wp\/v2\/media?parent=61"}],"curies":[{"name":"wp","href":"https:\/\/api.w.org\/{rel}","templated":true}]}}