{"id":63,"date":"2021-04-07T15:58:45","date_gmt":"2021-04-07T13:58:45","guid":{"rendered":"https:\/\/wissenschaft-in-der-stadt.de\/biooekonomie\/?page_id=63"},"modified":"2021-06-23T09:25:23","modified_gmt":"2021-06-23T07:25:23","slug":"impressum","status":"publish","type":"page","link":"https:\/\/wissenschaft-in-der-stadt.de\/biooekonomie\/impressum\/","title":{"rendered":"Impressum"},"content":{"rendered":"<p>[vc_row css=&#8220;.vc_custom_1618991720705{margin-top: 40px !important;}&#8220;][vc_column][vc_column_text]<\/p>\n<p style=\"font-weight: 400;\"><strong>Ilka Bickmann<\/strong><\/p>\n<p style=\"font-weight: 400;\"><strong>Vorstandsvorsitzende<\/strong><\/p>\n<p style=\"font-weight: 400;\"><strong>science2public \u2013 Gesellschaft f\u00fcr Wissenschaftskommunikation e.V.<\/strong><\/p>\n<p style=\"font-weight: 400;\"><strong>Krukenbergstra\u00dfe 2<\/strong><\/p>\n<p style=\"font-weight: 400;\"><strong>06112 Halle (Saale)<\/strong><\/p>\n<p style=\"font-weight: 400;\"><strong>Tel: +49 (0) 345 78 28 2412<\/strong><\/p>\n<p style=\"font-weight: 400;\"><strong>Fax: +49 (0) 345 22 66 259<\/strong><\/p>\n<p style=\"font-weight: 400;\"><strong>E-Mail:\u00a0<a href=\"mailto:bickmann@science2public.com\">bickmann@science2public.com<\/a><\/strong><\/p>\n<p style=\"font-weight: 400;\"><strong><a href=\"https:\/\/www.science2public.com\/\">www.science2public.com<\/a>\u00a0<\/strong><\/p>\n<!-- \/wp:post-content -->\n<!-- wp:heading -->\n<h2>Erkl\u00e4rung:<\/h2>\n<!-- \/wp:heading -->\n<p><!-- wp:paragraph -->F\u00fcr die Nutzung des Angebotes wird kein gesondertes Entgelt erhoben. Der Zugang ist f\u00fcr jedermann gegeben. Die Nutzung erfolgt anonym, es sei denn, der Nutzer tr\u00e4gt personenbezogene Daten ein.<\/p>\n<!-- \/wp:paragraph -->\n<p><!-- wp:paragraph -->Eine Haftung oder Garantie f\u00fcr die Aktualit\u00e4t, Richtigkeit und Vollst\u00e4ndigkeit der zur Verf\u00fcgung gestellten Informationen und Daten ist ausgeschlossen. Dies gilt ebenso f\u00fcr alle anderen Websites, auf die mittels eines Hyperlinks verwiesen wird.<\/p>\n<!-- \/wp:paragraph -->\n<p><!-- wp:paragraph -->Die Inhalte auf den Seiten d\u00fcrfen weder ganz noch teilweise ohne schriftliche Genehmigung auf anderen Seiten des Internets oder in anderer Form ver\u00f6ffentlicht werden. Links zu Internet-Seiten sind selbstverst\u00e4ndlich erlaubt und willkommen.<\/p>\n<!-- \/wp:paragraph -->\n<p>&nbsp;<\/p>\n<p>[\/vc_column_text][\/vc_column][\/vc_row]<\/p>\n","protected":false},"excerpt":{"rendered":"<p>[vc_row css=&#8220;.vc_custom_1618991720705{margin-top: 40px !important;}&#8220;][vc_column][vc_column_text] Ilka Bickmann Vorstandsvorsitzende science2public \u2013 Gesellschaft f\u00fcr Wissenschaftskommunikation e.V. Krukenbergstra\u00dfe 2 06112 Halle (Saale) Tel: +49 (0) 345 78 28 2412 Fax: +49 (0) 345 22 66 259 E-Mail:\u00a0bickmann@science2public.com www.science2public.com\u00a0 Erkl\u00e4rung: F\u00fcr die Nutzung des Angebotes wird kein gesondertes Entgelt erhoben. Der Zugang ist f\u00fcr jedermann gegeben. Die Nutzung erfolgt anonym,&hellip;<\/p>\n","protected":false},"author":26,"featured_media":34,"parent":0,"menu_order":0,"comment_status":"closed","ping_status":"closed","template":"","meta":{"footnotes":""},"class_list":["post-63","page","type-page","status-publish","has-post-thumbnail","hentry","description-off"],"_links":{"self":[{"href":"https:\/\/wissenschaft-in-der-stadt.de\/biooekonomie\/wp-json\/wp\/v2\/pages\/63","targetHints":{"allow":["GET"]}}],"collection":[{"href":"https:\/\/wissenschaft-in-der-stadt.de\/biooekonomie\/wp-json\/wp\/v2\/pages"}],"about":[{"href":"https:\/\/wissenschaft-in-der-stadt.de\/biooekonomie\/wp-json\/wp\/v2\/types\/page"}],"author":[{"embeddable":true,"href":"https:\/\/wissenschaft-in-der-stadt.de\/biooekonomie\/wp-json\/wp\/v2\/users\/26"}],"replies":[{"embeddable":true,"href":"https:\/\/wissenschaft-in-der-stadt.de\/biooekonomie\/wp-json\/wp\/v2\/comments?post=63"}],"version-history":[{"count":5,"href":"https:\/\/wissenschaft-in-der-stadt.de\/biooekonomie\/wp-json\/wp\/v2\/pages\/63\/revisions"}],"predecessor-version":[{"id":1046,"href":"https:\/\/wissenschaft-in-der-stadt.de\/biooekonomie\/wp-json\/wp\/v2\/pages\/63\/revisions\/1046"}],"wp:featuredmedia":[{"embeddable":true,"href":"https:\/\/wissenschaft-in-der-stadt.de\/biooekonomie\/wp-json\/wp\/v2\/media\/34"}],"wp:attachment":[{"href":"https:\/\/wissenschaft-in-der-stadt.de\/biooekonomie\/wp-json\/wp\/v2\/media?parent=63"}],"curies":[{"name":"wp","href":"https:\/\/api.w.org\/{rel}","templated":true}]}}