{"id":1980,"date":"2023-05-16T16:35:36","date_gmt":"2023-05-16T14:35:36","guid":{"rendered":"https:\/\/wissenschaft-in-der-stadt.de\/mars-findet-stadt\/?page_id=1980"},"modified":"2025-08-07T17:32:51","modified_gmt":"2025-08-07T15:32:51","slug":"my-name-to-mars-duplicate-1","status":"publish","type":"page","link":"https:\/\/wissenschaft-in-der-stadt.de\/mars-findet-stadt\/my-name-to-mars-duplicate-1\/","title":{"rendered":"Mars \u2013 the artwork by Luke Jerram"},"content":{"rendered":"<p>[vc_row][vc_column][vc_empty_space height=&#8220;132px&#8220;][vc_custom_heading text=&#8220;Mars \u2013 the artwork by Luke Jerram&#8220; font_container=&#8220;tag:h1|text_align:left&#8220; use_theme_fonts=&#8220;yes&#8220; el_class=&#8220;has-accent-color&#8220;][vc_media_grid element_width=&#8220;3&#8243; grid_id=&#8220;vc_gid:1754580752770-b9d3db1a-d638-8&#8243; include=&#8220;1964,1985,1984,1959&#8243;][vc_custom_heading text=&#8220;\u00dcBER DEN MARS&#8220; use_theme_fonts=&#8220;yes&#8220;][vc_column_text]Das Werk des britischen K\u00fcnstlers Luke Jerram misst sieben Meter im Durchmesser und zeigt detaillierte NASA-Bilder* der Marsoberfl\u00e4che mit 120dpi Oberfl\u00e4che. Bei einem ungef\u00e4hren Ma\u00dfstab von 1:1 Million stellt jeder Zentimeter der von innen beleuchteten kugelf\u00f6rmigen Skulp- tur 10 Kilometer der echten Marsoberfl\u00e4che dar.<br \/>\nDie Installation ist eine Verschmelzung von Mars-Aufnahmen, Licht und Klangkomposition des preisgekr\u00f6nten Komponisten Dan Jones.<\/p>\n<p>&nbsp;<\/p>\n<p><a href=\"https:\/\/wissenschaft-in-der-stadt.de\/mars-findet-stadt\/wp-content\/uploads\/sites\/3\/2023\/04\/11-Fakten-ueber-den-Mars-deeng.pdf\" target=\"_blank\" rel=\"noopener\">11 Fakten \u00fcber den Mars findest du hier!<\/a><\/p>\n<p><a href=\"https:\/\/wissenschaft-in-der-stadt.de\/mars-findet-stadt\/wp-content\/uploads\/sites\/3\/2023\/04\/Mars-Faktenblatt_Luke-Jerram.pdf\" target=\"_blank\" rel=\"noopener\">&#8222;3 Besonderheiten auf dem Mars&#8220;-Plakat findest du hier!<\/a><\/p>\n<p><a href=\"https:\/\/wissenschaft-in-der-stadt.de\/mars-findet-stadt\/wp-content\/uploads\/sites\/3\/2023\/04\/ASDC_2020_Mars_educational_poster_A3_fullres.pdf\" target=\"_blank\" rel=\"noopener\">Plakat &#8222;Welcome to Mars&#8220;<\/a>[\/vc_column_text][vc_empty_space][vc_custom_heading text=&#8220;HINTERGRUND&#8220; use_theme_fonts=&#8220;yes&#8220;][vc_column_text]Das Kunstwerk erm\u00f6glicht es uns, den Mars aus der Luft so zu betrachten, als ob wir selbst ein Satellit w\u00e4ren, der die Marsoberfl\u00e4che im perfekten Detail studiert. Jedes Tal, jeder Krater, jeder Vulkan und jeder Berg wird f\u00fcr uns offengelegt, damit wir ihn wie Forschende inspizieren k\u00f6nnen. Das Kunstwerk entf\u00fchrt uns so in die Ein\u00f6de des Mars, und wir k\u00f6nnen uns vorzustellen, wie es w\u00e4re, einen Fu\u00df auf diesen unglaublichen Planeten zu setzen.<br \/>\nDer Mars folgt Lukes Jerrams weiteren astronomischen Kunstwerken: dem \u201eMuseum Mond\u201c und seinem Kunstwerk Erde \u201eGaia\u201c. Die k\u00fcnstlerische Praxis von Luke Jerram umfasst Skulpturen, Installationen und Live-Kunstprojekte.<\/p>\n<p><a href=\"https:\/\/www.lukejerram.com\">www.lukejerram.com<\/a>[\/vc_column_text][vc_empty_space][vc_raw_html]JTNDdmlkZW8lMjB3aWR0aCUzRCUyMjEyMDAlMjIlMjBjb250cm9scyUzRSUwQSUyMCUyMCUzQ3NvdXJjZSUyMHNyYyUzRCUyMmh0dHBzJTNBJTJGJTJGd2lzc2Vuc2NoYWZ0LWluLWRlci1zdGFkdC5kZSUyRm1hcnMtZmluZGV0LXN0YWR0JTJGd3AtY29udGVudCUyRnVwbG9hZHMlMkZzaXRlcyUyRjMlMkYyMDIzJTJGMDQlMkZHcnVzc3dvcnRfTHVrZV9waG9uZS5tcDQlMjIlMjB0eXBlJTNEJTIydmlkZW8lMkZtcDQlMjIlM0UlMEFZb3VyJTIwYnJvd3NlciUyMGRvZXMlMjBub3QlMjBzdXBwb3J0JTIwdGhlJTIwdmlkZW8lMjB0YWcuJTBBJTNDJTJGdmlkZW8lM0UlMEE=[\/vc_raw_html][vc_custom_heading text=&#8220;Interview &#8211; \u201cWenn Menschen auf dem Mars landen, werden sie realisieren, wie wundervoll die Erde ist\u201c&#8220; use_theme_fonts=&#8220;yes&#8220; css=&#8220;.vc_custom_1684251919478{margin-bottom: 50px !important;}&#8220;][vc_column_text]<strong>Was macht die Faszination des Universums aus?<\/strong><\/p>\n<p>Luke Jerram: Ich bin farbenblind und daher besonders interessiert an der unsichtbaren Welt in ihrer ganzen Bandbreite \u2013 vom mikroskopisch kleinen Bereich bis hin zum Weltall, das wir nur \u00fcber Teleskope sehen k\u00f6nnen. Beide Enden des Spektrums sind Teil meiner k\u00fcnstlerischen Arbeit: Die Glasskulpturen von Viren und Bakterien aus der Reihe \u201eGlass Microbiology\u201c sind eine Million Mal gr\u00f6\u00dfer als ihre realen Vorbilder. Am anderen Ende stehen die Skulpturen von Erde, Mond und Mars. Der Mond ist 500.000-mal kleiner als in der Wirklichkeit, der Mars sogar eine Million Mal.<\/p>\n<p><strong>Warum haben Sie nach den Skulpturen zu Erde und Mond den Mars gew\u00e4hlt? War das ein logischer Schritt, weil es der am n\u00e4chsten gelegene Planet von der Erde aus ist?<\/strong><\/p>\n<p>Jerram: Zum Mond gibt es unz\u00e4hlige Mythen, die bis in die Fr\u00fchphase der Menschheit zur\u00fcckreichen. Die Besch\u00e4ftigung mit dem Mars ist dagegen noch relativ jung, er ist mit weniger mythologischen und religi\u00f6sen Vorstellungen verbunden. Dar\u00fcber hinaus spielen aber ganz praktische Gr\u00fcnde eine Rolle: Die Oberfl\u00e4che des Kunstwerks besteht aus hochaufl\u00f6senden Fotografien, die von der NASA-Raumsonde \u201eMars Renaissance Orbiter\u201c geschossen wurden. Von Planeten wie Jupiter oder Uranus, die \u00fcberwiegend aus Gaswolken bestehen, gibt es kaum geeignete Fotos.<\/p>\n<p><strong>Die Mars-Skulptur ist in \u00f6ffentlichen R\u00e4umen zu sehen, sowohl in geschlossenen R\u00e4umen als auch unter freiem Himmel. Nach welchen Kriterien w\u00e4hlen Sie die Orte aus?<\/strong><\/p>\n<p>Jerram: Ich zeige meine Arbeiten im \u00f6ffentlichen Raum, weil ich ein breites, vielf\u00e4ltiges Publikum ansprechen m\u00f6chte. Die gro\u00dfen Skulpturen mit sieben Metern Durchmesser sind oft in Kathedralen zu sehen, weil es kaum andere \u00f6ffentliche Orte mit \u00e4hnlich viel Platz gibt. Mich interessiert dabei, wie der Kontext des Kunstwerks seine Interpretation ver\u00e4ndert: Die Erde in einer Kathedrale weckt sofort Assoziationen mit der Sch\u00f6pfungsgeschichte. Der Mars in einem Museum l\u00e4dt eher dazu ein, \u00fcber den wissenschaftlichen Fortschritt nachzudenken.<\/p>\n<p><strong>Die Skulpturen sind nur ein Teil des Kunstwerks, eine wichtige Rolle spielen auch Licht und Musik.<\/strong><\/p>\n<p>Jerram: Der Soundtrack des Komponisten Dan Jones enth\u00e4lt Field Recordings des Mars-Rovers \u201ePreserverance\u201c und Meeresrauschen, denn auf dem Mars soll es vor vielen Milliarden Jahren gro\u00dfe Mengen flie\u00dfendes Wasser gegeben haben. Die Musik stellt eine Beziehung her zwischen der Installation und der umgebenden Architektur. Wichtig ist mir, dass das Werk zugleich ein Veranstaltungsort ist. Unter dem Mars haben schon Konzerte und Filmabende stattgefunden, es gab Yoga-Workshops unter der Erd-Skulptur. Was genau stattfindet, steht den Kuratorinnen und Kuratoren der Ausstellungen frei. Abgesehen von Werbeveranstaltungen f\u00fcr bestimmte Produkte sind der Phantasie keine Grenzen gesetzt.<\/p>\n<p><strong>Abschlie\u00dfend interessiert mich noch Ihre Einsch\u00e4tzung zu den Chancen einer Besiedelung des Mars. Werden Menschen in naher Zukunft auf dem Mars leben?<\/strong><\/p>\n<p>Jerram: Wenn ich spekulieren darf, w\u00fcrde ich sagen, dass Menschen auf dem Mars landen werden. Aber sie werden dort keine lebensfreundlichen Bedingungen vorfinden. Die Durchschnittstemperatur betr\u00e4gt -60\u00b0C, es gibt kein Wasser, der gesamte Planet ist eine W\u00fcste, man kann dort nichts anbauen. Dann werden wir zur\u00fcckschauen und realisieren, wie wundervoll die Erde mit all ihren unterschiedlichen Tieren und Pflanzen ist. Genauso war es schon bei den Reisen zum Mond. Auch dabei ging es nicht nur darum, was auf dem Mond zu finden ist, sondern um die M\u00f6glichkeit, zum ersten Mal auf die Erde zur\u00fcckzublicken. Nicht umsonst lie\u00df sich auch die fr\u00fche \u00d6kologiebewegung von den Fotos des blauen Planeten im All inspirieren.<\/p>\n<p>&nbsp;<\/p>\n<p style=\"font-weight: 400;\"><strong>Weitere Informationen:<\/strong><\/p>\n<p style=\"font-weight: 400;\">Hier gibt es mehr Informationen zu den Arbeiten von Luke Jerram:<br \/>\n<a href=\"https:\/\/www.lukejerram.com\/\">https:\/\/www.lukejerram.com<\/a><\/p>\n<p style=\"font-weight: 400;\">Bilder der NASA-Mars-Missionen:<br \/>\n<a href=\"https:\/\/mars.nasa.gov\/mars2020\/multimedia\/images\/?SearchTerm=mars&amp;SearchTagID=&amp;SearchTermHidden=mars\">https:\/\/mars.nasa.gov\/mars2020\/multimedia\/images\/?SearchTerm=mars&amp;SearchTagID=&amp;SearchTermHidden=mars<\/a><\/p>\n<p>&nbsp;<\/p>\n<p>Interview von Julian Jochmaring &#8211; <a href=\"https:\/\/www.wissenschaftsjahr.de\/2023\/aktuelles\/wenn-menschen-auf-dem-mars-landen-werden-sie-realisieren-wie-wundervoll-die-erde-ist\">Wissenschaftsjahr 2023<\/a>[\/vc_column_text][vc_empty_space height=&#8220;20px&#8220;][vc_empty_space height=&#8220;250px&#8220;][\/vc_column][\/vc_row][vc_row full_width=&#8220;stretch_row_content_no_spaces&#8220; el_class=&#8220;styled-map&#8220;][vc_column][vc_column_text]\r\n            \r\n            \r\n            \r\n            <a name='map1'><\/a>\r\n            \r\n            \r\n            \r\n            \r\n            <div class=\"wpgmza_map \"  id=\"wpgmza_map_1\" style=\"display:block; overflow:auto; width:100%; height:600px; margin-left:auto !important; margin-right:auto !important; align:center;\" data-settings='{\"id\":\"1\",\"map_title\":\"Startseite\",\"map_width\":\"100\",\"map_height\":\"600\",\"map_start_lat\":\"51.414035015808366\",\"map_start_lng\":\"9.949060825000007\",\"map_start_location\":\"45.950464398418106,-109.81550500000003\",\"map_start_zoom\":\"6\",\"default_marker\":\"\",\"type\":\"0\",\"alignment\":\"4\",\"directions_enabled\":\"0\",\"styling_enabled\":\"0\",\"styling_json\":\"\",\"active\":\"0\",\"kml\":\"\",\"bicycle\":\"0\",\"traffic\":\"0\",\"dbox\":\"1\",\"dbox_width\":\"\",\"listmarkers\":\"0\",\"listmarkers_advanced\":\"0\",\"filterbycat\":\"0\",\"ugm_enabled\":\"0\",\"ugm_category_enabled\":\"0\",\"fusion\":\"\",\"map_width_type\":\"%\",\"map_height_type\":\"px\",\"mass_marker_support\":\"0\",\"ugm_access\":\"0\",\"order_markers_by\":\"1\",\"order_markers_choice\":\"1\",\"show_user_location\":\"0\",\"default_to\":\"\",\"other_settings\":{\"map_type\":1,\"sl_stroke_color\":\"#ff0000\",\"sl_fill_color\":\"#ff0000\",\"sl_stroke_opacity\":\"1\",\"sl_fill_opacity\":\"0.5\",\"transport_layer\":false,\"action\":\"wpgmza_save_map\",\"redirect_to\":\"\\\/biooekonomie\\\/wp-admin\\\/admin-post.php\",\"map_id\":\"1\",\"http_referer\":\"\\\/biooekonomie\\\/wp-admin\\\/admin.php?page=wp-google-maps-menu&amp;override=1&amp;action=edit&amp;map_id=1\",\"wpgmza_id\":\"1\",\"wpgmza_start_location\":\"51.414035015808366,9.949060825000007\",\"wpgmza_start_zoom\":\"6\",\"wpgmza_dbox_width_type\":\"%\",\"default_from\":\"\",\"directions_behaviour\":\"default\",\"force_google_directions_app\":false,\"directions_route_origin_icon\":\"https:\\\/\\\/wissenschaft-in-der-stadt.de\\\/biooekonomie\\\/wp-content\\\/plugins\\\/wp-google-maps\\\/images\\\/spotlight-poi2.png\",\"directions_origin_retina\":false,\"directions_route_destination_icon\":\"https:\\\/\\\/wissenschaft-in-der-stadt.de\\\/biooekonomie\\\/wp-content\\\/plugins\\\/wp-google-maps\\\/images\\\/spotlight-poi2.png\",\"directions_destination_retina\":false,\"directions_route_stroke_color\":\"#4f8df5\",\"directions_route_stroke_weight\":\"4\",\"directions_route_stroke_opacity\":\"0.8\",\"directions_fit_bounds_to_route\":false,\"store_locator_enabled\":false,\"store_locator_search_area\":\"radial\",\"wpgmza_store_locator_radius_style\":\"legacy\",\"wpgmza_store_locator_default_radius\":\"10\",\"store_locator_auto_area_max_zoom\":\"\",\"wpgmza_store_locator_restrict\":\"\",\"store_locator_distance\":false,\"wpgmza_store_locator_position\":false,\"store_locator_show_distance\":false,\"store_locator_category\":false,\"wpgmza_store_locator_use_their_location\":false,\"wpgmza_store_locator_bounce\":false,\"upload_default_sl_marker\":\"\",\"retina\":false,\"wpgmza_sl_animation\":\"0\",\"wpgmza_store_locator_hide_before_search\":false,\"store_locator_query_string\":\"\",\"store_locator_default_address\":\"\",\"store_locator_name_search\":false,\"store_locator_name_string\":\"\",\"store_locator_not_found_message\":\"\",\"wpgmza_map_align\":\"2\",\"upload_default_ul_marker\":\"\",\"jump_to_nearest_marker_on_initialization\":false,\"automatically_pan_to_users_location\":false,\"override_users_location_zoom_level\":false,\"override_users_location_zoom_levels\":\"\",\"show_distance_from_location\":false,\"map_max_zoom\":\"21\",\"map_min_zoom\":\"1\",\"click_open_link\":false,\"fit_maps_bounds_to_markers\":false,\"fit_maps_bounds_to_markers_after_filtering\":false,\"hide_point_of_interest\":false,\"wpgmza_zoom_on_marker_click\":false,\"wpgmza_zoom_on_marker_click_slider\":\"\",\"close_infowindow_on_map_click\":true,\"disable_lightbox_images\":true,\"use_Raw_Jpeg_Coordinates\":false,\"polygon_labels\":false,\"disable_polygon_info_windows\":false,\"enable_advanced_custom_fields_integration\":false,\"enable_toolset_woocommerce_integration\":false,\"only_load_markers_within_viewport\":false,\"iw_primary_color\":\"\",\"iw_accent_color\":\"\",\"iw_text_color\":\"\",\"wpgmza_listmarkers_by\":\"0\",\"wpgmza_marker_listing_position\":false,\"datatable_no_result_message\":\"\",\"remove_search_box_datables\":false,\"dataTable_pagination_style\":\"default\",\"datatable_search_string\":\"\",\"datatable_result_start\":\"\",\"datatable_result_of\":\"\",\"datatable_result_to\":\"\",\"datatable_result_total\":\"\",\"datatable_result_show\":\"\",\"datatable_result_entries\":\"\",\"wpgmza_savemap\":\"Karte speichern \\u00bb\",\"shortcodeAttributes\":{\"id\":\"1\"},\"wpgmza_iw_type\":\"3\"}}' data-map-id='1' data-shortcode-attributes='{\"id\":\"1\"}'> <\/div>\r\n            \r\n               \r\n        [\/vc_column_text][\/vc_column][\/vc_row][vc_row disable_element=&#8220;yes&#8220; css=&#8220;.vc_custom_1638277636432{margin-top: 100px !important;}&#8220;][vc_column][vc_custom_heading text=&#8220;Kommende St\u00e4dteevents&#8220; use_theme_fonts=&#8220;yes&#8220; css=&#8220;.vc_custom_1617823160879{margin-bottom: 50px !important;}&#8220;]<div class=\"mec-wrap mec-skin-list-container  \" id=\"mec_skin_19\">\n\n    \n        <div class=\"mec-skin-list-events-container\" id=\"mec_skin_events_19\">\n        Keine Veranstaltung gefunden    <\/div>\n    \n    \n<\/div>\n[\/vc_column][\/vc_row]<\/p>\n","protected":false},"excerpt":{"rendered":"<p>[vc_row][vc_column][vc_empty_space height=&#8220;132px&#8220;][vc_custom_heading text=&#8220;Mars \u2013 the artwork by Luke Jerram&#8220; font_container=&#8220;tag:h1|text_align:left&#8220; use_theme_fonts=&#8220;yes&#8220; el_class=&#8220;has-accent-color&#8220;][vc_media_grid element_width=&#8220;3&#8243; grid_id=&#8220;vc_gid:1754580752770-b9d3db1a-d638-8&#8243; include=&#8220;1964,1985,1984,1959&#8243;][vc_custom_heading text=&#8220;\u00dcBER DEN MARS&#8220; use_theme_fonts=&#8220;yes&#8220;][vc_column_text]Das Werk des britischen K\u00fcnstlers Luke Jerram misst sieben Meter im Durchmesser und zeigt detaillierte NASA-Bilder* der Marsoberfl\u00e4che mit 120dpi Oberfl\u00e4che. Bei einem ungef\u00e4hren Ma\u00dfstab von 1:1 Million stellt jeder Zentimeter der von innen beleuchteten kugelf\u00f6rmigen Skulp-&hellip;<\/p>\n","protected":false},"author":39,"featured_media":0,"parent":0,"menu_order":0,"comment_status":"closed","ping_status":"closed","template":"","meta":{"footnotes":""},"class_list":["post-1980","page","type-page","status-publish","hentry","description-off"],"_links":{"self":[{"href":"https:\/\/wissenschaft-in-der-stadt.de\/mars-findet-stadt\/wp-json\/wp\/v2\/pages\/1980","targetHints":{"allow":["GET"]}}],"collection":[{"href":"https:\/\/wissenschaft-in-der-stadt.de\/mars-findet-stadt\/wp-json\/wp\/v2\/pages"}],"about":[{"href":"https:\/\/wissenschaft-in-der-stadt.de\/mars-findet-stadt\/wp-json\/wp\/v2\/types\/page"}],"author":[{"embeddable":true,"href":"https:\/\/wissenschaft-in-der-stadt.de\/mars-findet-stadt\/wp-json\/wp\/v2\/users\/39"}],"replies":[{"embeddable":true,"href":"https:\/\/wissenschaft-in-der-stadt.de\/mars-findet-stadt\/wp-json\/wp\/v2\/comments?post=1980"}],"version-history":[{"count":25,"href":"https:\/\/wissenschaft-in-der-stadt.de\/mars-findet-stadt\/wp-json\/wp\/v2\/pages\/1980\/revisions"}],"predecessor-version":[{"id":2782,"href":"https:\/\/wissenschaft-in-der-stadt.de\/mars-findet-stadt\/wp-json\/wp\/v2\/pages\/1980\/revisions\/2782"}],"wp:attachment":[{"href":"https:\/\/wissenschaft-in-der-stadt.de\/mars-findet-stadt\/wp-json\/wp\/v2\/media?parent=1980"}],"curies":[{"name":"wp","href":"https:\/\/api.w.org\/{rel}","templated":true}]}}